{"id":1031,"date":"2022-02-19T12:07:52","date_gmt":"2022-02-19T11:07:52","guid":{"rendered":"https:\/\/www.waldschutz-pasching.at\/?page_id=1031"},"modified":"2022-02-22T11:26:19","modified_gmt":"2022-02-22T10:26:19","slug":"vertraege-zum-sportzentrum-pasching","status":"publish","type":"page","link":"https:\/\/www.waldschutz-pasching.at\/?page_id=1031","title":{"rendered":"Vertr\u00e4ge zum Sportzentrum Pasching"},"content":{"rendered":"<h1>Vertr\u00e4ge zum Sportzentrum Pasching<\/h1>\n<p>Das Sportzentrum inklusive Stadion, Trainingspl\u00e4tze und der Parkpl\u00e4tze ist im Eigentum der Gemeinde. Die Nutzung ist durch mehrere Vertr\u00e4ge geregelt.<\/p>\n<h2>Pachtvertrag mit der LASK GmbH vom 16.2.2017<\/h2>\n<p>Die Verpachtung des Stadions samt des erforderlichen Inventars ist eine entgeltliche \u00dcberlassung eines eingerichteten Betriebes gewerblicher Art (KStG \u00a7 2 Abs 2 Z 2). Der Vertrag umfasst auch das angrenzende Kunstrasenfeld, die Flutlichtanlage, die Lautsprecheranlage, die Kraftkammer im Waldbad und ein 1\/3 der dem Sport- und Freizeitzentrum zugeordneten Parkpl\u00e4tze.<\/p>\n<p>Die gesamte Vermarktung im Stadionbereich und alle im Zusammenhang mit dem Fu\u00dfball- oder Veranstaltungsbetrieb des P\u00e4chters stehenden Werbem\u00f6glichkeiten wie Vergabe des Stadionnamens sowie alle Erl\u00f6se hieraus stehen ausschlie\u00dflich dem LASK zu.<\/p>\n<p>Der j\u00e4hrliche Pachtzins betr\u00e4gt 3.000 Euro.<\/p>\n<p>Die Gemeinde zahlt 50% s\u00e4mtlicher vom LASK, von den <a href=\"https:\/\/www.linza.at\/laskgmbhs\/\" target=\"_blank\" rel=\"noopener\">LASK-Gesellschaften<\/a> mit Sitz in Pasching wie LASK Marketing GmbH, LASK Merchandising GmbH sowie von Gesellschaften, welche den Akademiebetrieb des LASK f\u00fchren, erhaltenen Zahlungen (ausgenommen Pachtzins) an den LASK zur\u00fcck.<\/p>\n<p>Die Gemeinde verzichtet bis zum Jahr 2037 auf das K\u00fcndigungsrecht. Sie sichert zu, dass sie sich bem\u00fcht, die bestehenden Trainingsfl\u00e4chen sowie die f\u00fcr die Errichtung des Kunstrasenplatzes notwendigen <a href=\"https:\/\/www.waldschutz-pasching.at\/wp-content\/uploads\/17-10-30_GR-Vorlage-Gem-Pasching.pdf\" target=\"_blank\" rel=\"noopener\">Fl\u00e4chen auf eigene Kosten von der Stadt Linz zu erwerben<\/a>.<\/p>\n<h2>Baurechtsvertrag mit der FC Juniors GmbH vom 4.2.2019<\/h2>\n<p>Dieser Vertrag gew\u00e4hrt der <a href=\"https:\/\/www.waldschutz-pasching.at\/?page_id=211\" target=\"_blank\" rel=\"noopener\">FC Juniors GmbH<\/a> das Baurecht und Nutzungsrecht f\u00fcr das LASK Trainingszentrum an der Pfanzaglgutstra\u00dfe mit 4 Fu\u00dfballfelder mit einer Gr\u00f6\u00dfe von 45.023 m\u00b2.<\/p>\n<p>F\u00fcr die zur Errichtung der Fu\u00dfballfelder erforderliche Rodung des Heidewalds wurde zugesichert, dass die FC Juniors GmbH bis sp\u00e4testens 31.12.2021 eine <a href=\"https:\/\/www.waldschutz-pasching.at\/wp-content\/uploads\/19-08-14_Rodungsbewilligung_BHLLForst-2019-7108027-VM.pdf\" target=\"_blank\" rel=\"noopener\">Ersatzaufforstung \u00fcber 28.180 m\u00b2<\/a> durchf\u00fchrt.<\/p>\n<p>Der j\u00e4hrliche Pachtzins betr\u00e4gt 3.000 Euro.<\/p>\n<p>Der <a href=\"https:\/\/www.waldschutz-pasching.at\/wp-content\/uploads\/19-02-04_Baurechtsvertrag.pdf\" target=\"_blank\" rel=\"noopener\">Baurechtsvertrag<\/a> wurde bis zum 31.12.2059 abgeschlossen.<\/p>\n<h2>Nachtrag zum LASK Pachtvertrag vom 16.2.2022<\/h2>\n<p>Dieser Vertrag regelt die Verl\u00e4ngerung der zuvor bis zum 30.6.2022 begrenzten Profi-Fu\u00dfballspiele in Pasching.<\/p>\n<p>In der Gemeinderatssitzung am 17.2.2022 wurde der erst am Tag davor erstellte Vertragsentwurf trotz kritischer Stimmen der Gr\u00fcnen, der SP\u00d6 und der Liste \u00d6fferlbauer mehrheitlich beschlossen.<\/p>\n<p>Durch unseren intensiven Austausch mit BGM Markus Hofko sowie einigen Gemeinder\u00e4ten konnten l\u00e4ngst geforderte Verbesserungen f\u00fcr die Anrainer erreicht und bestehende Regelungen pr\u00e4zisiert werden:<\/p>\n<ol>\n<li style=\"list-style-type: none;\">\n<ol>\n<li>Genaue Abgrenzung was als \u201eProfi-Fu\u00dfballspiele\u201c z\u00e4hlt.<\/li>\n<li>Festlegung, welche Spiele bis wann noch erlaubt sind:\n<ul>\n<li>FC Juniors O\u00d6 GmbH in der 2. Liga bis l\u00e4ngstens <em>30.05.2022<\/em><\/li>\n<li>Profi-Fu\u00dfballspiele der LASK GmbH bis <em>31.12.2022<\/em><\/li>\n<li>\u00d6FB-Cups bis zur vierten Austragungsrunde im <em>Februar 2023<\/em><\/li>\n<\/ul>\n<\/li>\n<li>Einhaltung der Auflagen zu VIP-Zelt und Container.<\/li>\n<li>Einschr\u00e4nkungen der Nutzung des Kunstrasenplatzes (keine Stell-\/Lagerpl\u00e4tze; ausgenommen davon sind Lieferanten w\u00e4hrend der Ladet\u00e4tigkeit, Einsatzfahrzeuge und Spieltagsoffizielle w\u00e4hrend des Spieles).<\/li>\n<li>R\u00fccknahme der alten Kunstrasenfl\u00e4che aus der Pacht nach dem <em>30.06.2023<\/em>. Dies erm\u00f6glicht die Abtragung und sp\u00e4tere Nutzung der Fl\u00e4che durch die Gemeinde.<\/li>\n<li>Veranstaltungen, die nicht dem Fu\u00dfballbetrieb zuzurechnen sind, brauchen die Zustimmung der Gemeinde.<\/li>\n<li>Gew\u00e4hrleistung des Anrainerverkehrs bei Veranstaltungen. Die Zufahrt von Anrainern an Spieltagen wird durch eine Zufahrtsberechtigung erleichtert. Wer im Vorhinein \u00fcber die Spieltermine informiert werden m\u00f6chte, kann eine SMS-Erinnerung anfordern.<\/li>\n<li>Reinigung der Umgebung nach Profi-Fu\u00dfballspielen sp\u00e4testens am Folgetag.<\/li>\n<li>Bis zum <em>01.01.2023<\/em> sind Rasenm\u00e4harbeiten an Sonn- und Feiertagen sowie am Samstag nach 14.00 Uhr nur mit elektrisch betriebenen Rasenm\u00e4hern zul\u00e4ssig. Aerifizierungsarbeiten sind an Sonn- und Feiertagen, an Samstagen ab 14.00 Uhr unzul\u00e4ssig.<\/li>\n<li>Ab <em>01.01.2023<\/em> gelten im Wesentlichen die Zeiten der L\u00e4rmschutzverordnung. Es sind Arbeiten mit Elektro- bzw. Verbrennungsmotor sowie Aerifizierungsarbeiten an Sonn- und Feiertagen unzul\u00e4ssig. Diese d\u00fcrfen nur von Montag bis Freitag in der Zeit von 07.00 bis 20.00 Uhr und am Samstag von 07.00 bis 14.00 Uhr durchgef\u00fchrt werden.<\/li>\n<li>Ausdr\u00fcckliche Begrenzung der Nutzung der Flutlichtanlage auf die beh\u00f6rdlich bewilligte Anzahl und Dauer.<\/li>\n<li>Untersagung des Betriebs von Stromaggregaten mit Ausnahme f\u00fcr Notstrom.<\/li>\n<li>Ersatz der bestehenden Rasenheizung durch eine mit der Gemeinde abgestimmten und erforderlichenfalls bewilligten Rasenheizung ab <em>01.07.2023.<\/em><\/li>\n<li>Einhaltung s\u00e4mtlicher Inhalte \u00f6ffentlich-rechtlicher Bewilligungen.<\/li>\n<\/ol>\n<\/li>\n<\/ol>\n<p>Ber\u00fccksichtigt man die bereits zuvor geltenden Vereinbarungen und die Tatsache, dass s\u00e4mtliche \u00f6ffentlich-rechtliche Bewilligungen ohnehin eingehalten werden m\u00fcssen, so stehen der Verl\u00e4ngerung der Profi-Fu\u00dfballspiele <strong>Verbesserungen durch die<\/strong> <strong>Punkte 5, 8, 9, 10, 12 und 13<\/strong> gegen\u00fcber. Allerdings d\u00fcrfen nun zus\u00e4tzlich Spieltagsoffizielle auf dem Kunstrasenfeld parken.<\/p>\n<p>Werden die aufgef\u00fchrten Punkte nicht eigehalten so gibt es die Konsequenz einer Vertragsstrafe in H\u00f6he von EUR 750,00 pro Versto\u00df. Sollte euch eine Verletzung der Vereinbarungen auffallen, ist es am besten dies zu dokumentieren (Fotos, etc.) und der Versto\u00df kann Herrn BGM Ing. Markus Hofko (<a href=\"https:\/\/www.pasching.at\/Hofko_Markus\">https:\/\/www.pasching.at\/Hofko_Markus<\/a>) gemeldet werden. Bei Fragen dazu k\u00f6nnt ihr uns gerne kontaktieren.<\/p>\n<p>Ein Vertrag vom 23.10.2018 regelt die Nutzungsrechte des SV Pasching am Spielfeld 4 der Trainingsfelder. Dieser Vertrag wurde erweitert, sodass die Gemeinde die Rechte bei Bedarf auf einen anderen Verein \u00fcbertragen kann.<\/p>\n<p>Zum Nachlesen der genauen Vereinbarungen ist der gesamte Zusatzvertrag auf unserer Webseite verf\u00fcgbar (siehe Downloads &#8211; <a href=\"https:\/\/www.waldschutz-pasching.at\/wp-content\/uploads\/05_2_LASK_2022-02-15-Nachtrag-zum-Pachtvertrag_v5_SCWP-Aenderungen-eingearbeitet.pdf\">2022-02-15-Nachtrag-zum-Pachtvertrag_v5<\/a>).<\/p>\n<p>F\u00fcr die Rasenarbeiten auf den neuen Trainingspl\u00e4tzen gilt weiter die H\u00f6chstgrenze von 2 Stunden pro Tag.&nbsp;<\/p>\n","protected":false},"excerpt":{"rendered":"<p>Vertr\u00e4ge zum Sportzentrum Pasching Das Sportzentrum inklusive Stadion, Trainingspl\u00e4tze und der Parkpl\u00e4tze ist im Eigentum der Gemeinde. Die Nutzung ist durch mehrere Vertr\u00e4ge geregelt. Pachtvertrag mit der LASK GmbH vom 16.2.2017 Die Verpachtung des Stadions samt des erforderlichen Inventars ist eine entgeltliche \u00dcberlassung eines eingerichteten Betriebes gewerblicher Art (KStG \u00a7 2 Abs 2 Z 2). &hellip; <\/p>\n<p class=\"link-more\"><a href=\"https:\/\/www.waldschutz-pasching.at\/?page_id=1031\" class=\"more-link\"><span class=\"screen-reader-text\">\u201eVertr\u00e4ge zum Sportzentrum Pasching\u201c <\/span>weiterlesen<\/a><\/p>\n","protected":false},"author":1,"featured_media":0,"parent":220,"menu_order":4,"comment_status":"closed","ping_status":"closed","template":"","meta":{"ngg_post_thumbnail":0,"footnotes":""},"class_list":["post-1031","page","type-page","status-publish","hentry"],"_links":{"self":[{"href":"https:\/\/www.waldschutz-pasching.at\/index.php?rest_route=\/wp\/v2\/pages\/1031","targetHints":{"allow":["GET"]}}],"collection":[{"href":"https:\/\/www.waldschutz-pasching.at\/index.php?rest_route=\/wp\/v2\/pages"}],"about":[{"href":"https:\/\/www.waldschutz-pasching.at\/index.php?rest_route=\/wp\/v2\/types\/page"}],"author":[{"embeddable":true,"href":"https:\/\/www.waldschutz-pasching.at\/index.php?rest_route=\/wp\/v2\/users\/1"}],"replies":[{"embeddable":true,"href":"https:\/\/www.waldschutz-pasching.at\/index.php?rest_route=%2Fwp%2Fv2%2Fcomments&post=1031"}],"version-history":[{"count":7,"href":"https:\/\/www.waldschutz-pasching.at\/index.php?rest_route=\/wp\/v2\/pages\/1031\/revisions"}],"predecessor-version":[{"id":1043,"href":"https:\/\/www.waldschutz-pasching.at\/index.php?rest_route=\/wp\/v2\/pages\/1031\/revisions\/1043"}],"up":[{"embeddable":true,"href":"https:\/\/www.waldschutz-pasching.at\/index.php?rest_route=\/wp\/v2\/pages\/220"}],"wp:attachment":[{"href":"https:\/\/www.waldschutz-pasching.at\/index.php?rest_route=%2Fwp%2Fv2%2Fmedia&parent=1031"}],"curies":[{"name":"wp","href":"https:\/\/api.w.org\/{rel}","templated":true}]}}