{"id":262,"date":"2019-01-03T10:54:58","date_gmt":"2019-01-03T09:54:58","guid":{"rendered":"http:\/\/www.waldschutz-pasching.at\/?page_id=262"},"modified":"2025-05-18T12:57:16","modified_gmt":"2025-05-18T10:57:16","slug":"was-kosten-die-flaechen","status":"publish","type":"page","link":"https:\/\/www.waldschutz-pasching.at\/?page_id=262","title":{"rendered":"Was kosten die Fl\u00e4chen?"},"content":{"rendered":"\r\n<p>Das LASK-Trainingszentrum in Pasching wird fast ausschlie\u00dflich \u00fcber Steuermittel finanziert. <br>Wie LASK, FC Junoirs, Immobilien GmbHs und Privatstiftung zusammenh\u00e4ngen wird in dem Artikel &#8222;Die vielen GmbHs des LASK: Es ist alles sehr kompliziert&#8220; <a href=\"https:\/\/www.linza.at\/laskgmbhs\" target=\"_blank\" rel=\"noopener\">https:\/\/www.linza.at\/laskgmbhs<\/a> erkl\u00e4rt.<\/p>\r\n<p>Diesen massiven F\u00f6rderungen stehen Einnahmen f\u00fcr die Gemeinde in der H\u00f6he von nur 250 Euro pro Monat&nbsp; gegen\u00fcber.<\/p>\r\n<h2>Stand Fr\u00fchjahr 2019:<\/h2>\r\n<p>Die betroffenen Grundst\u00fccke wurden im Herbst 2017 von der Stadt Linz an die Gemeinde Pasching verkauft:<\/p>\r\n\r\n\r\n\r\n<p>Es wurde <em>&#8222;&#8230; ein Kaufpreis von <strong>\u20ac 632.069,50 <\/strong>vereinbart, wobei der Kaufpreis f\u00fcr die <strong>Waldfl\u00e4chen<\/strong> mit \u20ac 5,50 pro m\u00b2 (<\/em><strong><em>47.359 m\u00b2<\/em><\/strong><em>) und jener f\u00fcr die Gr\u00fcnfl\u00e4chen\/<strong>Sportanlagen<\/strong> mit \u20ac 15,&#8211; pro m\u00b2 (<\/em><strong><em>24.773 m\u00b2<\/em><\/strong><em>) vereinbart wurde&#8220;<\/em>. <br>Quelle: Linz &#8211;<a href=\"\/wp-content\/uploads\/17-10-30_GR-Vorlage-Gem-Pasching.pdf\" target=\"_blank\" rel=\"noopener\"> Geb\u00e4udemanagement und Tiefbau (GMT); Vorlage an den Gemeinderat 30.10.2017; Linz 20. Gemeinderatssitzung<\/a>.<\/p>\r\n\r\n\r\n\r\n\r\n\r\n<p>Bei 4 Trainingsfl\u00e4chen in diesem Bereich ist wohl mit \u00fcber 100 Personen (4 * 22 Spieler, Trainer, Zuschauer,\u2026) zu rechnen, welche etwa im 2 Stunden Rhythmus wechseln. <br>Wir werden daher Informationen zur zus\u00e4tzlich ben\u00f6tigten <strong>Infrastruktur <\/strong>(Parkpl\u00e4tze, Sanit\u00e4reinrichtungen, usw.) einfordern. Dass die etwa 160 <strong>Stellpl\u00e4tze<\/strong>, die sich bereits jetzt das Stadion mit Nebenfeld 1, Skatepark, Waldbad, Tennis- und Eisstockpl\u00e4tzen teilen, noch weiter geteilt werden, kann doch nicht ernsthaft in Erw\u00e4gung gezogen werden!<\/p>\r\n<h2>Update 20.12.2020:<\/h2>\r\n<p>In der Gemeinderatssitzung am 17.12.2020 wurde die<strong> F\u00f6rderung von 125.000 EUR im Jahr 2020<\/strong> beschlossen. In den n\u00e4chsten 3 Jahren ist geplant das neue Fu\u00dfballzentrum weiter in der H\u00f6he von je 190.000 EUR zu f\u00f6rdern. Nach dem Kauf der Fl\u00e4chen durch die Gemeinde geht es hier um <strong>695.000 EUR Steuergeld zus\u00e4tzlich.<\/strong><br>Laut B\u00fcrgermeister Ing. Peter Mair eine Investition in die Infrastruktur der Gemeinde, sollte der Vertrag auslaufen. Der Vertrag mit der FC Juniors GmbH l\u00e4uft jedoch erst 2060 aus, sodass weder Gemeinde noch \u00d6ffentlichkeit Zugriff auf die Fl\u00e4chen haben.<br>Gemeinsam mit den <strong>1.725.000 EUR Steuergeld vom Land<\/strong> f\u00fcr die Rodung und Errichtung der Fu\u00dfballpl\u00e4tze muss die LASK Gruppe damit nur etwa 25% der Errichtungskosten von <strong>gesamt 3.268.669 EUR<\/strong> aufbringen. Der LASK legte laut Amtsbericht der Gemeinde eine <strong>Kalkulation f\u00fcr die Aufforstung in H\u00f6he von 619.960 EUR <\/strong>vor, obwohl noch nichts zu den Ersatzaufforstungsfl\u00e4chen bekannt ist.<br>Bei der Genehmigung des Finanzvoranschlags der Gemeinde wurde aufgezeigt, dass die Bilanz in den kommenden 5 Jahre negativ ausf\u00e4llt und ab 2022 die Aufl\u00f6sung von Zahlungsmittelreserven und inneren Darlehen sowie die Inanspruchnahme des Kassenkredits anstehen.&nbsp;Laut Pr\u00e4sentation hei\u00dft es &#8222;sparen, sparen, sparen!!!&#8220; in der Gemeinde.<\/p>\r\n<h2>Update 01.07.2021:<\/h2>\r\n<p>In der Gemeinderatssitzung am 1.7.2021 wurde unter dem Punkt 6.3 \u201eAufforstung und Bewirtschaftung von Ersatzfl\u00e4chen f\u00fcr die Trainingsfelder &#8211; Vereinbarung mit FC Juniors GmbH\u201c beschlossen, dass die Gemeinde dem LASK auch <strong>Fl\u00e4chen im Wert von etwa 100.000 EUR<\/strong> zeitlich unbefristet f\u00fcr die von der Forstbeh\u00f6rde vorgeschriebene Aufforstungen \u00fcberl\u00e4sst (3 Fl\u00e4chen mit insgesamt 4.265 m\u00b2). Die Gemeinde erh\u00e4lt daf\u00fcr <strong>3 Euro<\/strong> w\u00e4hrend sonst entsprechende Fl\u00e4chen f\u00fcr 25-30 Euro angeboten werden.<br>Zus\u00e4tzlich wird auch die <strong>langfristige Bewirtschaftung der Fl\u00e4chen von der Gemeinde \u00fcbernommen<\/strong>. Details siehe: <a href=\"https:\/\/www.waldschutz-pasching.at\/wp-content\/uploads\/2021-05-27_TOP_6_3_Ersatzflaechen_fuer_FCJuniors_Web.pdf\" target=\"_blank\" rel=\"noopener\">2021-05-27_TOP_6_3_Ersatzflaechen_fuer_FCJuniors_Web.pdf<\/a><\/p>\r\n<p>Allein f\u00fcr die Nachbesserung im Juli 2024 wurden von der Gemeinde \u00fcber 10.000 Euro f\u00fcr das Setzen von 300 Pflanzen ausgegeben (Kosten f\u00fcr Fremdfirma von 34,45 Euro pro gesetzter Pflanze &#8211; ohne Gemeinde interner Kosten).<\/p>\r\n<h2>Update 25.03.2022:<\/h2>\r\n<p>Die Initiativpr\u00fcfung des O\u00d6 Landesrechnungshofs zu Sportinvestitionen mit Schwerpunkt Leistungssport zeigt neben den Vorg\u00e4ngen zur im Bau befindlichen LASK-Arena in Linz auch die Finanzierung von Rasenheizung, Flutlichtanlage und Hybridrasen beim Waldstadion Pasching (Seite 40) sowie des LASK Trainingszentrums in Wagram auf (Seite 42):<\/p>\r\n<p><a href=\"https:\/\/www.lrh-ooe.at\/Mediendateien\/Berichte2022\/IP_Foerderung_Sportinvestitionen_Schwerpunkt_Leistungssport_.pdf\" target=\"_blank\" rel=\"noopener\">https:\/\/www.lrh-ooe.at\/Mediendateien\/Berichte2022\/IP_Foerderung_Sportinvestitionen_Schwerpunkt_Leistungssport_.pdf<\/a><\/p>\r\n<p>&nbsp;<\/p>\r\n<p>&nbsp;<\/p>\r\n","protected":false},"excerpt":{"rendered":"<p>Das LASK-Trainingszentrum in Pasching wird fast ausschlie\u00dflich \u00fcber Steuermittel finanziert. Wie LASK, FC Junoirs, Immobilien GmbHs und Privatstiftung zusammenh\u00e4ngen wird in dem Artikel &#8222;Die vielen GmbHs des LASK: Es ist alles sehr kompliziert&#8220; https:\/\/www.linza.at\/laskgmbhs erkl\u00e4rt. Diesen massiven F\u00f6rderungen stehen Einnahmen f\u00fcr die Gemeinde in der H\u00f6he von nur 250 Euro pro Monat&nbsp; gegen\u00fcber. Stand Fr\u00fchjahr &hellip; <\/p>\n<p class=\"link-more\"><a href=\"https:\/\/www.waldschutz-pasching.at\/?page_id=262\" class=\"more-link\"><span class=\"screen-reader-text\">\u201eWas kosten die Fl\u00e4chen?\u201c <\/span>weiterlesen<\/a><\/p>\n","protected":false},"author":1,"featured_media":0,"parent":220,"menu_order":0,"comment_status":"closed","ping_status":"closed","template":"","meta":{"ngg_post_thumbnail":0,"footnotes":""},"class_list":["post-262","page","type-page","status-publish","hentry"],"_links":{"self":[{"href":"https:\/\/www.waldschutz-pasching.at\/index.php?rest_route=\/wp\/v2\/pages\/262","targetHints":{"allow":["GET"]}}],"collection":[{"href":"https:\/\/www.waldschutz-pasching.at\/index.php?rest_route=\/wp\/v2\/pages"}],"about":[{"href":"https:\/\/www.waldschutz-pasching.at\/index.php?rest_route=\/wp\/v2\/types\/page"}],"author":[{"embeddable":true,"href":"https:\/\/www.waldschutz-pasching.at\/index.php?rest_route=\/wp\/v2\/users\/1"}],"replies":[{"embeddable":true,"href":"https:\/\/www.waldschutz-pasching.at\/index.php?rest_route=%2Fwp%2Fv2%2Fcomments&post=262"}],"version-history":[{"count":18,"href":"https:\/\/www.waldschutz-pasching.at\/index.php?rest_route=\/wp\/v2\/pages\/262\/revisions"}],"predecessor-version":[{"id":1311,"href":"https:\/\/www.waldschutz-pasching.at\/index.php?rest_route=\/wp\/v2\/pages\/262\/revisions\/1311"}],"up":[{"embeddable":true,"href":"https:\/\/www.waldschutz-pasching.at\/index.php?rest_route=\/wp\/v2\/pages\/220"}],"wp:attachment":[{"href":"https:\/\/www.waldschutz-pasching.at\/index.php?rest_route=%2Fwp%2Fv2%2Fmedia&parent=262"}],"curies":[{"name":"wp","href":"https:\/\/api.w.org\/{rel}","templated":true}]}}