{"id":752,"date":"2020-05-19T09:54:00","date_gmt":"2020-05-19T07:54:00","guid":{"rendered":"https:\/\/www.waldschutz-pasching.at\/?page_id=752"},"modified":"2020-10-12T08:10:56","modified_gmt":"2020-10-12T06:10:56","slug":"unsere-eu-petition-1305-2019-chance-auf-besseren-boden-und-umweltschutz-in-oesterreich","status":"publish","type":"page","link":"https:\/\/www.waldschutz-pasching.at\/?page_id=752","title":{"rendered":"Unsere EU-Petition 1305\/2019: Chance auf besseren Boden- und Umweltschutz in \u00d6sterreich!"},"content":{"rendered":"<h1>Unsere Petition wird gerade vom EU-Parlament gepr\u00fcft<\/h1>\n<p>Der im Waldentwicklungsplan besonders gesch\u00fctzte Heidewald in Pasching wurde gerodet und mit schwerem Ger\u00e4t planiert.<strong> Es h\u00e4tte dort nach dem Forstgesetz keine Rodungsbewilligung geben d\u00fcrfen<\/strong>, um noch weitere Fu\u00dfballfelder zu errichten. Unsere Kritik, dass der Wald der \u00d6ffentlichkeit entzogen wird und prim\u00e4r wirtschaftliche Interessen der LASK Firmen ber\u00fccksichtigt werden, ist aufgrund mangelnder rechtlicher Mittel ungeh\u00f6rt verhallt.<\/p>\n<p><img loading=\"lazy\" decoding=\"async\" width=\"886\" height=\"591\" class=\"alignnone size-full wp-image-753\" alt=\"Rodung in Pasching\" src=\"https:\/\/www.waldschutz-pasching.at\/wp-content\/uploads\/20-02-08_Rodung_klein.jpg\" srcset=\"https:\/\/www.waldschutz-pasching.at\/wp-content\/uploads\/20-02-08_Rodung_klein.jpg 886w, https:\/\/www.waldschutz-pasching.at\/wp-content\/uploads\/20-02-08_Rodung_klein-300x200.jpg 300w, https:\/\/www.waldschutz-pasching.at\/wp-content\/uploads\/20-02-08_Rodung_klein-768x512.jpg 768w\" sizes=\"auto, (max-width: 767px) 89vw, (max-width: 1000px) 54vw, (max-width: 1071px) 543px, 580px\" \/><br \/>\n<em>Der Heidewald im Eigentum der Gemeinde Pasching wurde geopfert<\/em><\/p>\n<h2>So wie uns ergeht es vielen, die Umwelts\u00fcnden aufzeigen und Alternativen fordern<\/h2>\n<p>Eigentlich w\u00fcrde schon die im Jahr 2005 beschlossene und von \u00d6sterreich ratifizierte <strong>Aarhus-Konvention<\/strong> der EU die Mitwirkung der \u00d6ffentlichkeit f\u00fcr einen effektiven Umweltschutz vorsehen. Wie die Rodung und die Entscheidungen des Landesverwaltungsgerichtshofs veranschaulichen, ist die <strong>Umsetzung in \u00d6sterreich weiterhin mangelhaft<\/strong>.<\/p>\n<p>Mit der Petition 1305\/2019 zeigen wir L\u00fccken auf und mahnen vom EU-Parlament endlich wirksame Kontrollm\u00f6glichkeiten (*) bei Umweltthemen ein.<\/p>\n<p><strong>02. Juni 2020:<\/strong><\/p>\n<p>Mit dem Schreiben &#8222;D 305898&#8220; vom 02.06.2020&nbsp; wurde uns von der Vorsitzenden des EU-Petitionsausschusses mitgeteilt, dass Petition f\u00fcr zul\u00e4ssig erkl\u00e4rt wurde und die Europ\u00e4ische Kommission den Sachverhalt pr\u00fcft.&nbsp;<br \/>\nsiehe: <a href=\"https:\/\/www.waldschutz-pasching.at\/wp-content\/uploads\/20-06-02_EU_Petitionsausschuss_Petition-1305-2019.pdf\" target=\"_blank\" rel=\"noopener noreferrer\">20-06-02_EU_Petitionsausschuss_Petition 1305-2019<\/a><\/p>\n<p>Wenn \u00d6sterreich nicht weiterhin Spitzenreiter beim Bodenverbrauch in Europa bleiben will, d\u00fcrfen Umwidmungen der B\u00fcrgermeister nicht durchgewunken werden, ohne auf \u00fcberregionale, \u00f6kologisch vertretbare L\u00f6sungen zu achten!<\/p>\n<p><strong>Aktueller Stand:&nbsp;<\/strong><\/p>\n<p>Auf der EU-Seite k\u00f6nnen inzwischen keine Unterst\u00fctzungserkl\u00e4rungen mehr abgegeben werden.<\/p>\n<p><strong>Danke, an Alle die <b>diese wichtige Petition unterst\u00fctzt haben<\/b>!<\/strong><\/p>\n<p>Wir werden Euch nat\u00fcrlich <span style=\"display: inline !important; float: none; background-color: #ffffff; color: #333333; cursor: text; font-family: 'Libre Franklin','Helvetica Neue',helvetica,arial,sans-serif; font-size: 16px; font-style: normal; font-variant: normal; font-weight: 400; letter-spacing: normal; orphans: 2; text-align: left; text-decoration: none; text-indent: 0px; text-transform: none; -webkit-text-stroke-width: 0px; white-space: normal; word-spacing: 0px;\">weiter<\/span> \u00fcber die Petition informieren.<\/p>\n","protected":false},"excerpt":{"rendered":"<p>Unsere Petition wird gerade vom EU-Parlament gepr\u00fcft Der im Waldentwicklungsplan besonders gesch\u00fctzte Heidewald in Pasching wurde gerodet und mit schwerem Ger\u00e4t planiert. Es h\u00e4tte dort nach dem Forstgesetz keine Rodungsbewilligung geben d\u00fcrfen, um noch weitere Fu\u00dfballfelder zu errichten. Unsere Kritik, dass der Wald der \u00d6ffentlichkeit entzogen wird und prim\u00e4r wirtschaftliche Interessen der LASK Firmen ber\u00fccksichtigt &hellip; <\/p>\n<p class=\"link-more\"><a href=\"https:\/\/www.waldschutz-pasching.at\/?page_id=752\" class=\"more-link\"><span class=\"screen-reader-text\">\u201eUnsere EU-Petition 1305\/2019: Chance auf besseren Boden- und Umweltschutz in \u00d6sterreich!\u201c <\/span>weiterlesen<\/a><\/p>\n","protected":false},"author":1,"featured_media":0,"parent":18,"menu_order":0,"comment_status":"closed","ping_status":"closed","template":"","meta":{"ngg_post_thumbnail":0,"footnotes":""},"class_list":["post-752","page","type-page","status-publish","hentry"],"_links":{"self":[{"href":"https:\/\/www.waldschutz-pasching.at\/index.php?rest_route=\/wp\/v2\/pages\/752","targetHints":{"allow":["GET"]}}],"collection":[{"href":"https:\/\/www.waldschutz-pasching.at\/index.php?rest_route=\/wp\/v2\/pages"}],"about":[{"href":"https:\/\/www.waldschutz-pasching.at\/index.php?rest_route=\/wp\/v2\/types\/page"}],"author":[{"embeddable":true,"href":"https:\/\/www.waldschutz-pasching.at\/index.php?rest_route=\/wp\/v2\/users\/1"}],"replies":[{"embeddable":true,"href":"https:\/\/www.waldschutz-pasching.at\/index.php?rest_route=%2Fwp%2Fv2%2Fcomments&post=752"}],"version-history":[{"count":12,"href":"https:\/\/www.waldschutz-pasching.at\/index.php?rest_route=\/wp\/v2\/pages\/752\/revisions"}],"predecessor-version":[{"id":807,"href":"https:\/\/www.waldschutz-pasching.at\/index.php?rest_route=\/wp\/v2\/pages\/752\/revisions\/807"}],"up":[{"embeddable":true,"href":"https:\/\/www.waldschutz-pasching.at\/index.php?rest_route=\/wp\/v2\/pages\/18"}],"wp:attachment":[{"href":"https:\/\/www.waldschutz-pasching.at\/index.php?rest_route=%2Fwp%2Fv2%2Fmedia&parent=752"}],"curies":[{"name":"wp","href":"https:\/\/api.w.org\/{rel}","templated":true}]}}